{"id":127,"date":"2021-07-12T01:19:04","date_gmt":"2021-07-11T23:19:04","guid":{"rendered":"http:\/\/sanktuariumwelesa.pl\/?page_id=127"},"modified":"2021-07-12T01:34:46","modified_gmt":"2021-07-11T23:34:46","slug":"jak-dojechac","status":"publish","type":"page","link":"https:\/\/sanktuariumwelesa.pl\/index.php\/jak-dojechac\/","title":{"rendered":"Jak dojecha\u0107?"},"content":{"rendered":"\n<iframe src=\"https:\/\/www.google.com\/maps\/embed?pb=!1m18!1m12!1m3!1d630.5965463833982!2d16.33217669695164!3d50.78695120601259!2m3!1f0!2f0!3f0!3m2!1i1024!2i768!4f13.1!3m3!1m2!1s0x0%3A0x0!2zNTDCsDQ3JzEzLjEiTiAxNsKwMTknNTUuNSJF!5e0!3m2!1spl!2spl!4v1626045441847!5m2!1spl!2spl\" width=\"600\" height=\"450\" style=\"border:0;\" allowfullscreen=\"\" loading=\"lazy\"><\/iframe>\n\n\n\n<p><\/p>\n\n\n\n<p class=\"has-text-align-center\">Sanktuarium Welesa mie\u015bci si\u0119 przy ulicy W\u0142adys\u0142awa Orkana w Wa\u0142brzychu.<\/p>\n\n\n\n<p class=\"has-text-align-center\">By wyznaczy\u0107 tras\u0119 mo\u017cna z powy\u017cszej mapy przej\u015b\u0107 do Mapy Google (klikaj\u0105c &#8222;Wy\u015bwietl wi\u0119ksz\u0105 map\u0119&#8221;) i jako cel podr\u00f3\u017cy obra\u0107 wsp\u00f3\u0142rz\u0119dne: 50.786963, 16.332073.<br><br>Mo\u017cna te\u017c skorzysta\u0107 z opcji wyznaczania trasy dost\u0119pnej na fanpejd\u017cu w zak\u0142adce &#8222;Informacje&#8221; => <a rel=\"noreferrer noopener\" href=\"https:\/\/www.facebook.com\/sanktuariumwelesa\/about\/?ref=page_internal\" data-type=\"URL\" data-id=\"https:\/\/www.facebook.com\/sanktuariumwelesa\/about\/?ref=page_internal\" target=\"_blank\">KLIK!<\/a><\/p>\n","protected":false},"excerpt":{"rendered":"<p>Sanktuarium Welesa mie\u015bci si\u0119 przy ulicy W\u0142adys\u0142awa Orkana w Wa\u0142brzychu. By wyznaczy\u0107 tras\u0119 mo\u017cna z powy\u017cszej mapy przej\u015b\u0107 do Mapy Google (klikaj\u0105c &#8222;Wy\u015bwietl wi\u0119ksz\u0105 map\u0119&#8221;) i jako cel podr\u00f3\u017cy obra\u0107 wsp\u00f3\u0142rz\u0119dne: 50.786963, 16.332073. Mo\u017cna te\u017c skorzysta\u0107 z opcji wyznaczania trasy dost\u0119pnej na fanpejd\u017cu w zak\u0142adce &#8222;Informacje&#8221; => KLIK!<\/p>\n","protected":false},"author":1,"featured_media":0,"parent":0,"menu_order":0,"comment_status":"closed","ping_status":"closed","template":"","meta":[],"_links":{"self":[{"href":"https:\/\/sanktuariumwelesa.pl\/index.php\/wp-json\/wp\/v2\/pages\/127"}],"collection":[{"href":"https:\/\/sanktuariumwelesa.pl\/index.php\/wp-json\/wp\/v2\/pages"}],"about":[{"href":"https:\/\/sanktuariumwelesa.pl\/index.php\/wp-json\/wp\/v2\/types\/page"}],"author":[{"embeddable":true,"href":"https:\/\/sanktuariumwelesa.pl\/index.php\/wp-json\/wp\/v2\/users\/1"}],"replies":[{"embeddable":true,"href":"https:\/\/sanktuariumwelesa.pl\/index.php\/wp-json\/wp\/v2\/comments?post=127"}],"version-history":[{"count":12,"href":"https:\/\/sanktuariumwelesa.pl\/index.php\/wp-json\/wp\/v2\/pages\/127\/revisions"}],"predecessor-version":[{"id":143,"href":"https:\/\/sanktuariumwelesa.pl\/index.php\/wp-json\/wp\/v2\/pages\/127\/revisions\/143"}],"wp:attachment":[{"href":"https:\/\/sanktuariumwelesa.pl\/index.php\/wp-json\/wp\/v2\/media?parent=127"}],"curies":[{"name":"wp","href":"https:\/\/api.w.org\/{rel}","templated":true}]}}